{"id":6289,"date":"2019-12-09T15:58:11","date_gmt":"2019-12-09T14:58:11","guid":{"rendered":"https:\/\/elem.sk\/recenzie\/"},"modified":"2025-02-06T17:12:06","modified_gmt":"2025-02-06T16:12:06","slug":"recenzie","status":"publish","type":"page","link":"https:\/\/elem.sk\/en\/recenzie\/","title":{"rendered":"Tantra massage reviews"},"content":{"rendered":"<p><div class=\"fusion-fullwidth fullwidth-box fusion-builder-row-1 fusion-flex-container nonhundred-percent-fullwidth non-hundred-percent-height-scrolling\" style=\"--awb-border-radius-top-left:0px;--awb-border-radius-top-right:0px;--awb-border-radius-bottom-right:0px;--awb-border-radius-bottom-left:0px;--awb-background-color:rgba(36,36,36,0);--awb-flex-wrap:wrap;\" ><div class=\"fusion-builder-row fusion-row fusion-flex-align-items-center fusion-flex-content-wrap\" style=\"max-width:1144px;margin-left: calc(-4% \/ 2 );margin-right: calc(-4% \/ 2 );\"><div class=\"fusion-layout-column fusion_builder_column fusion-builder-column-0 fusion_builder_column_1_2 1_2 fusion-flex-column\" style=\"--awb-bg-size:cover;--awb-width-large:50%;--awb-margin-top-large:0px;--awb-spacing-right-large:3.84%;--awb-margin-bottom-large:20px;--awb-spacing-left-large:3.84%;--awb-width-medium:100%;--awb-spacing-right-medium:1.92%;--awb-spacing-left-medium:1.92%;--awb-width-small:100%;--awb-spacing-right-small:1.92%;--awb-spacing-left-small:1.92%;\"><div class=\"fusion-column-wrapper fusion-flex-justify-content-flex-start fusion-content-layout-column\"><div class=\"fusion-text fusion-text-1\"><p>Feedback is crucial in this business, guiding us to maintain the highest quality of service while tailoring each experience to your needs.<\/p>\n<p>Your insights ensure we consistently deliver the most effective and satisfying treatments, ensuring you leave feeling relaxed and rejuvenated every time.<\/p>\n<\/div><\/div><\/div><div class=\"fusion-layout-column fusion_builder_column fusion-builder-column-1 fusion_builder_column_1_2 1_2 fusion-flex-column\" style=\"--awb-bg-size:cover;--awb-width-large:50%;--awb-margin-top-large:0px;--awb-spacing-right-large:3.84%;--awb-margin-bottom-large:20px;--awb-spacing-left-large:3.84%;--awb-width-medium:100%;--awb-spacing-right-medium:1.92%;--awb-spacing-left-medium:1.92%;--awb-width-small:100%;--awb-spacing-right-small:1.92%;--awb-spacing-left-small:1.92%;\"><div class=\"fusion-column-wrapper fusion-flex-justify-content-flex-start fusion-content-layout-column\"><div class=\"fusion-text fusion-text-2\"><ul>\n<li style=\"text-align: left;\"><span style=\"color: #ffff99;\">If you enjoyed a positive experience, We would be delighted if you can leave a review on <span style=\"text-decoration: underline;\"><a style=\"color: #ffff99; text-decoration: underline;\" href=\"https:\/\/g.page\/r\/CaReKez0JLyDEBE\/review\" target=\"_blank\" rel=\"noopener noreferrer\">Google Maps &#8211; click here<\/a><\/span>.<\/span><\/li>\n<\/ul>\n<ul>\n<li style=\"text-align: left;\">If you had a different expectations or things went somehow wrong \u2192 please share your thoughts via our <span style=\"text-decoration: underline;\"><a href=\"https:\/\/forms.gle\/8jgcsGrXns9z3o1s8\">Google Forms &#8211; click here<\/a><\/span> so we can learn from mistakes and provide better service next time.<\/li>\n<\/ul>\n<\/div><\/div><\/div><\/div><\/div><div class=\"fusion-fullwidth fullwidth-box fusion-builder-row-2 fusion-flex-container nonhundred-percent-fullwidth non-hundred-percent-height-scrolling\" style=\"--awb-border-radius-top-left:0px;--awb-border-radius-top-right:0px;--awb-border-radius-bottom-right:0px;--awb-border-radius-bottom-left:0px;--awb-margin-top:60px;--awb-margin-bottom:60px;--awb-background-color:rgba(36,36,36,0);--awb-flex-wrap:wrap;\" ><div class=\"fusion-builder-row fusion-row fusion-flex-align-items-center fusion-flex-content-wrap\" style=\"max-width:1144px;margin-left: calc(-4% \/ 2 );margin-right: calc(-4% \/ 2 );\"><div class=\"fusion-layout-column fusion_builder_column fusion-builder-column-2 fusion_builder_column_1_1 1_1 fusion-flex-column\" style=\"--awb-bg-size:cover;--awb-width-large:100%;--awb-margin-top-large:0px;--awb-spacing-right-large:1.92%;--awb-margin-bottom-large:20px;--awb-spacing-left-large:1.92%;--awb-width-medium:100%;--awb-spacing-right-medium:1.92%;--awb-spacing-left-medium:1.92%;--awb-width-small:100%;--awb-spacing-right-small:1.92%;--awb-spacing-left-small:1.92%;\"><div class=\"fusion-column-wrapper fusion-flex-justify-content-flex-start fusion-content-layout-column\"><div class=\"fusion-text fusion-text-3\"><p>This page is under development.<\/p>\n<\/div><\/div><\/div><\/div><\/div><\/p>\n","protected":false},"excerpt":{"rendered":"","protected":false},"author":1,"featured_media":0,"parent":0,"menu_order":0,"comment_status":"closed","ping_status":"closed","template":"","meta":{"footnotes":""},"class_list":["post-6289","page","type-page","status-publish","hentry"],"yoast_head":"<!-- This site is optimized with the Yoast SEO Premium plugin v25.0 (Yoast SEO v25.0) - https:\/\/yoast.com\/wordpress\/plugins\/seo\/ -->\n<title>Tantra massage reviews | Elem Tantra Bratislava Tantra Sal\u00f3n Bratislava<\/title>\n<meta name=\"description\" content=\"Tantra mas\u00e1\u017e recenzie patria k najd\u00f4le\u017eitej\u0161\u00edm zdrojom inform\u00e1cii o tom, ktor\u00e1 mas\u00e9rka je t\u00e1 najlep\u0161ia. Pozorne si prescrolluj a n\u00e1jdi pr\u00e1ve tu najlep\u0161iu.\" \/>\n<meta name=\"robots\" content=\"index, follow, max-snippet:-1, max-image-preview:large, max-video-preview:-1\" \/>\n<link rel=\"canonical\" href=\"https:\/\/elem.sk\/en\/recenzie\/\" \/>\n<meta property=\"og:locale\" content=\"en_US\" \/>\n<meta property=\"og:type\" content=\"article\" \/>\n<meta property=\"og:title\" content=\"Tantra massage reviews\" \/>\n<meta property=\"og:description\" content=\"Tantra mas\u00e1\u017e recenzie patria k najd\u00f4le\u017eitej\u0161\u00edm zdrojom inform\u00e1cii o tom, ktor\u00e1 mas\u00e9rka je t\u00e1 najlep\u0161ia. Pozorne si prescrolluj a n\u00e1jdi pr\u00e1ve tu najlep\u0161iu.\" \/>\n<meta property=\"og:url\" content=\"https:\/\/elem.sk\/en\/recenzie\/\" \/>\n<meta property=\"og:site_name\" content=\"Elem Tantra Bratislava\" \/>\n<meta property=\"article:publisher\" content=\"https:\/\/www.facebook.com\/profile.php?id=100067729355775\" \/>\n<meta property=\"article:modified_time\" content=\"2025-02-06T16:12:06+00:00\" \/>\n<meta name=\"twitter:card\" content=\"summary_large_image\" \/>\n<meta name=\"twitter:label1\" content=\"Est. reading time\" \/>\n\t<meta name=\"twitter:data1\" content=\"2 minutes\" \/>\n<script type=\"application\/ld+json\" class=\"yoast-schema-graph\">{\"@context\":\"https:\/\/schema.org\",\"@graph\":[{\"@type\":\"WebPage\",\"@id\":\"https:\/\/elem.sk\/en\/recenzie\/\",\"url\":\"https:\/\/elem.sk\/en\/recenzie\/\",\"name\":\"Tantra massage reviews | Elem Tantra Bratislava Tantra Sal\u00f3n Bratislava\",\"isPartOf\":{\"@id\":\"https:\/\/elem.sk\/#website\"},\"datePublished\":\"2019-12-09T14:58:11+00:00\",\"dateModified\":\"2025-02-06T16:12:06+00:00\",\"description\":\"Tantra mas\u00e1\u017e recenzie patria k najd\u00f4le\u017eitej\u0161\u00edm zdrojom inform\u00e1cii o tom, ktor\u00e1 mas\u00e9rka je t\u00e1 najlep\u0161ia. Pozorne si prescrolluj a n\u00e1jdi pr\u00e1ve tu najlep\u0161iu.\",\"breadcrumb\":{\"@id\":\"https:\/\/elem.sk\/en\/recenzie\/#breadcrumb\"},\"inLanguage\":\"en-US\",\"potentialAction\":[{\"@type\":\"ReadAction\",\"target\":[\"https:\/\/elem.sk\/en\/recenzie\/\"]}]},{\"@type\":\"BreadcrumbList\",\"@id\":\"https:\/\/elem.sk\/en\/recenzie\/#breadcrumb\",\"itemListElement\":[{\"@type\":\"ListItem\",\"position\":1,\"name\":\"Home\",\"item\":\"https:\/\/elem.sk\/en\/\"},{\"@type\":\"ListItem\",\"position\":2,\"name\":\"Tantra massage reviews\"}]},{\"@type\":\"WebSite\",\"@id\":\"https:\/\/elem.sk\/#website\",\"url\":\"https:\/\/elem.sk\/\",\"name\":\"Elem Tantra Bratislava\",\"description\":\"Best Tantra Massage Bratislava\",\"publisher\":{\"@id\":\"https:\/\/elem.sk\/#organization\"},\"potentialAction\":[{\"@type\":\"SearchAction\",\"target\":{\"@type\":\"EntryPoint\",\"urlTemplate\":\"https:\/\/elem.sk\/?s={search_term_string}\"},\"query-input\":{\"@type\":\"PropertyValueSpecification\",\"valueRequired\":true,\"valueName\":\"search_term_string\"}}],\"inLanguage\":\"en-US\"},{\"@type\":\"Organization\",\"@id\":\"https:\/\/elem.sk\/#organization\",\"name\":\"elem\",\"url\":\"https:\/\/elem.sk\/\",\"logo\":{\"@type\":\"ImageObject\",\"inLanguage\":\"en-US\",\"@id\":\"https:\/\/elem.sk\/#\/schema\/logo\/image\/\",\"url\":\"https:\/\/elem.sk\/wp-content\/uploads\/2018\/01\/logo-dark.png\",\"contentUrl\":\"https:\/\/elem.sk\/wp-content\/uploads\/2018\/01\/logo-dark.png\",\"width\":250,\"height\":85,\"caption\":\"elem\"},\"image\":{\"@id\":\"https:\/\/elem.sk\/#\/schema\/logo\/image\/\"},\"sameAs\":[\"https:\/\/www.facebook.com\/profile.php?id=100067729355775\",\"https:\/\/www.instagram.com\/tantra_massage_bratislava_elem\/\"]}]}<\/script>\n<!-- \/ Yoast SEO Premium plugin. -->","yoast_head_json":{"title":"Tantra massage reviews | Elem Tantra Bratislava Tantra Sal\u00f3n Bratislava","description":"Tantra mas\u00e1\u017e recenzie patria k najd\u00f4le\u017eitej\u0161\u00edm zdrojom inform\u00e1cii o tom, ktor\u00e1 mas\u00e9rka je t\u00e1 najlep\u0161ia. Pozorne si prescrolluj a n\u00e1jdi pr\u00e1ve tu najlep\u0161iu.","robots":{"index":"index","follow":"follow","max-snippet":"max-snippet:-1","max-image-preview":"max-image-preview:large","max-video-preview":"max-video-preview:-1"},"canonical":"https:\/\/elem.sk\/en\/recenzie\/","og_locale":"en_US","og_type":"article","og_title":"Tantra massage reviews","og_description":"Tantra mas\u00e1\u017e recenzie patria k najd\u00f4le\u017eitej\u0161\u00edm zdrojom inform\u00e1cii o tom, ktor\u00e1 mas\u00e9rka je t\u00e1 najlep\u0161ia. Pozorne si prescrolluj a n\u00e1jdi pr\u00e1ve tu najlep\u0161iu.","og_url":"https:\/\/elem.sk\/en\/recenzie\/","og_site_name":"Elem Tantra Bratislava","article_publisher":"https:\/\/www.facebook.com\/profile.php?id=100067729355775","article_modified_time":"2025-02-06T16:12:06+00:00","twitter_card":"summary_large_image","twitter_misc":{"Est. reading time":"2 minutes"},"schema":{"@context":"https:\/\/schema.org","@graph":[{"@type":"WebPage","@id":"https:\/\/elem.sk\/en\/recenzie\/","url":"https:\/\/elem.sk\/en\/recenzie\/","name":"Tantra massage reviews | Elem Tantra Bratislava Tantra Sal\u00f3n Bratislava","isPartOf":{"@id":"https:\/\/elem.sk\/#website"},"datePublished":"2019-12-09T14:58:11+00:00","dateModified":"2025-02-06T16:12:06+00:00","description":"Tantra mas\u00e1\u017e recenzie patria k najd\u00f4le\u017eitej\u0161\u00edm zdrojom inform\u00e1cii o tom, ktor\u00e1 mas\u00e9rka je t\u00e1 najlep\u0161ia. Pozorne si prescrolluj a n\u00e1jdi pr\u00e1ve tu najlep\u0161iu.","breadcrumb":{"@id":"https:\/\/elem.sk\/en\/recenzie\/#breadcrumb"},"inLanguage":"en-US","potentialAction":[{"@type":"ReadAction","target":["https:\/\/elem.sk\/en\/recenzie\/"]}]},{"@type":"BreadcrumbList","@id":"https:\/\/elem.sk\/en\/recenzie\/#breadcrumb","itemListElement":[{"@type":"ListItem","position":1,"name":"Home","item":"https:\/\/elem.sk\/en\/"},{"@type":"ListItem","position":2,"name":"Tantra massage reviews"}]},{"@type":"WebSite","@id":"https:\/\/elem.sk\/#website","url":"https:\/\/elem.sk\/","name":"Elem Tantra Bratislava","description":"Best Tantra Massage Bratislava","publisher":{"@id":"https:\/\/elem.sk\/#organization"},"potentialAction":[{"@type":"SearchAction","target":{"@type":"EntryPoint","urlTemplate":"https:\/\/elem.sk\/?s={search_term_string}"},"query-input":{"@type":"PropertyValueSpecification","valueRequired":true,"valueName":"search_term_string"}}],"inLanguage":"en-US"},{"@type":"Organization","@id":"https:\/\/elem.sk\/#organization","name":"elem","url":"https:\/\/elem.sk\/","logo":{"@type":"ImageObject","inLanguage":"en-US","@id":"https:\/\/elem.sk\/#\/schema\/logo\/image\/","url":"https:\/\/elem.sk\/wp-content\/uploads\/2018\/01\/logo-dark.png","contentUrl":"https:\/\/elem.sk\/wp-content\/uploads\/2018\/01\/logo-dark.png","width":250,"height":85,"caption":"elem"},"image":{"@id":"https:\/\/elem.sk\/#\/schema\/logo\/image\/"},"sameAs":["https:\/\/www.facebook.com\/profile.php?id=100067729355775","https:\/\/www.instagram.com\/tantra_massage_bratislava_elem\/"]}]}},"_links":{"self":[{"href":"https:\/\/elem.sk\/en\/wp-json\/wp\/v2\/pages\/6289","targetHints":{"allow":["GET"]}}],"collection":[{"href":"https:\/\/elem.sk\/en\/wp-json\/wp\/v2\/pages"}],"about":[{"href":"https:\/\/elem.sk\/en\/wp-json\/wp\/v2\/types\/page"}],"author":[{"embeddable":true,"href":"https:\/\/elem.sk\/en\/wp-json\/wp\/v2\/users\/1"}],"replies":[{"embeddable":true,"href":"https:\/\/elem.sk\/en\/wp-json\/wp\/v2\/comments?post=6289"}],"version-history":[{"count":44,"href":"https:\/\/elem.sk\/en\/wp-json\/wp\/v2\/pages\/6289\/revisions"}],"predecessor-version":[{"id":18904,"href":"https:\/\/elem.sk\/en\/wp-json\/wp\/v2\/pages\/6289\/revisions\/18904"}],"wp:attachment":[{"href":"https:\/\/elem.sk\/en\/wp-json\/wp\/v2\/media?parent=6289"}],"curies":[{"name":"wp","href":"https:\/\/api.w.org\/{rel}","templated":true}]}}